{"id":837,"date":"2019-10-14T10:15:26","date_gmt":"2019-10-14T10:15:26","guid":{"rendered":"https:\/\/www.bbelsaececco.it\/the-house\/"},"modified":"2020-03-18T16:43:54","modified_gmt":"2020-03-18T16:43:54","slug":"la-maison","status":"publish","type":"page","link":"https:\/\/www.bbelsaececco.it\/fr\/","title":{"rendered":"Home"},"content":{"rendered":"\t\t<div data-elementor-type=\"wp-page\" data-elementor-id=\"837\" class=\"elementor elementor-837 elementor-12\">\n\t\t\t\t\t\t<div class=\"elementor-inner\">\n\t\t\t\t<div class=\"elementor-section-wrap\">\n\t\t\t\t\t\t\t\t\t<section class=\"elementor-section elementor-top-section elementor-element elementor-element-5205c6e elementor-section-stretched elementor-section-full_width elementor-section-height-default elementor-section-height-default\" data-id=\"5205c6e\" data-element_type=\"section\" data-settings=\"{&quot;stretch_section&quot;:&quot;section-stretched&quot;}\">\n\t\t\t\t\t\t<div class=\"elementor-container elementor-column-gap-no\">\n\t\t\t\t\t\t\t<div class=\"elementor-row\">\n\t\t\t\t\t<div class=\"elementor-column elementor-col-100 elementor-top-column elementor-element elementor-element-d7178e6\" data-id=\"d7178e6\" data-element_type=\"column\">\n\t\t\t<div class=\"elementor-column-wrap elementor-element-populated\">\n\t\t\t\t\t\t\t<div class=\"elementor-widget-wrap\">\n\t\t\t\t\t\t<div class=\"elementor-element elementor-element-780d340 elementor-widget elementor-widget-image\" data-id=\"780d340\" data-element_type=\"widget\" data-widget_type=\"image.default\">\n\t\t\t\t<div class=\"elementor-widget-container\">\n\t\t\t\t\t\t\t\t<div class=\"elementor-image\">\n\t\t\t\t\t\t\t\t\t\t\t\t<img decoding=\"async\" loading=\"lazy\" width=\"2000\" height=\"625\" src=\"https:\/\/www.bbelsaececco.it\/wp-content\/uploads\/2020\/01\/BB_elsaececco_banner_v3.jpg\" class=\"attachment-full size-full\" alt=\"\" srcset=\"https:\/\/www.bbelsaececco.it\/wp-content\/uploads\/2020\/01\/BB_elsaececco_banner_v3.jpg 2000w, https:\/\/www.bbelsaececco.it\/wp-content\/uploads\/2020\/01\/BB_elsaececco_banner_v3-300x94.jpg 300w, https:\/\/www.bbelsaececco.it\/wp-content\/uploads\/2020\/01\/BB_elsaececco_banner_v3-1024x320.jpg 1024w, https:\/\/www.bbelsaececco.it\/wp-content\/uploads\/2020\/01\/BB_elsaececco_banner_v3-768x240.jpg 768w, https:\/\/www.bbelsaececco.it\/wp-content\/uploads\/2020\/01\/BB_elsaececco_banner_v3-1536x480.jpg 1536w\" sizes=\"(max-width: 2000px) 100vw, 2000px\" \/>\t\t\t\t\t\t\t\t\t\t\t\t\t\t<\/div>\n\t\t\t\t\t\t<\/div>\n\t\t\t\t<\/div>\n\t\t\t\t\t\t<\/div>\n\t\t\t\t\t<\/div>\n\t\t<\/div>\n\t\t\t\t\t\t\t\t<\/div>\n\t\t\t\t\t<\/div>\n\t\t<\/section>\n\t\t\t\t<section class=\"elementor-section elementor-top-section elementor-element elementor-element-d510508 elementor-section-boxed elementor-section-height-default elementor-section-height-default\" data-id=\"d510508\" data-element_type=\"section\">\n\t\t\t\t\t\t<div class=\"elementor-container elementor-column-gap-default\">\n\t\t\t\t\t\t\t<div class=\"elementor-row\">\n\t\t\t\t\t<div class=\"elementor-column elementor-col-100 elementor-top-column elementor-element elementor-element-b373199\" data-id=\"b373199\" data-element_type=\"column\">\n\t\t\t<div class=\"elementor-column-wrap elementor-element-populated\">\n\t\t\t\t\t\t\t<div class=\"elementor-widget-wrap\">\n\t\t\t\t\t\t<div class=\"elementor-element elementor-element-8c34d27 elementor-widget elementor-widget-heading\" data-id=\"8c34d27\" data-element_type=\"widget\" data-widget_type=\"heading.default\">\n\t\t\t\t<div class=\"elementor-widget-container\">\n\t\t\t<h1 class=\"elementor-heading-title elementor-size-default\">C\u2019est pour nous une grande \u00e9motion lorsque celui qui visite notre maison, ne dit pas seulement qu\u2019elle est belle, mais qu\u2019il s\u2019y sent bien.<\/h1>\t\t<\/div>\n\t\t\t\t<\/div>\n\t\t\t\t<div class=\"elementor-element elementor-element-4f51098 elementor-widget elementor-widget-text-editor\" data-id=\"4f51098\" data-element_type=\"widget\" data-widget_type=\"text-editor.default\">\n\t\t\t\t<div class=\"elementor-widget-container\">\n\t\t\t\t\t\t\t\t<div class=\"elementor-text-editor elementor-clearfix\">\n\t\t\t\t<p>Un s\u00e9jour dans une maison des ann\u00e9es 50 au c\u0153ur du quartier de Madonna delle Rose \u00e0 Cesena.<\/p>\t\t\t\t\t<\/div>\n\t\t\t\t\t\t<\/div>\n\t\t\t\t<\/div>\n\t\t\t\t<div class=\"elementor-element elementor-element-727eec2 elementor-widget elementor-widget-heading\" data-id=\"727eec2\" data-element_type=\"widget\" data-widget_type=\"heading.default\">\n\t\t\t\t<div class=\"elementor-widget-container\">\n\t\t\t<h2 class=\"elementor-heading-title elementor-size-default\">La maison<\/h2>\t\t<\/div>\n\t\t\t\t<\/div>\n\t\t\t\t<section class=\"elementor-section elementor-inner-section elementor-element elementor-element-60e42d2f elementor-section-height-min-height elementor-section-content-bottom elementor-section-boxed elementor-section-height-default\" data-id=\"60e42d2f\" data-element_type=\"section\">\n\t\t\t\t\t\t<div class=\"elementor-container elementor-column-gap-wider\">\n\t\t\t\t\t\t\t<div class=\"elementor-row\">\n\t\t\t\t\t<div class=\"elementor-column elementor-col-33 elementor-inner-column elementor-element elementor-element-3518341f\" data-id=\"3518341f\" data-element_type=\"column\" data-settings=\"{&quot;background_background&quot;:&quot;classic&quot;}\">\n\t\t\t<div class=\"elementor-column-wrap elementor-element-populated\">\n\t\t\t\t\t\t\t<div class=\"elementor-widget-wrap\">\n\t\t\t\t\t\t<div class=\"elementor-element elementor-element-b707390 elementor-widget elementor-widget-heading\" data-id=\"b707390\" data-element_type=\"widget\" data-widget_type=\"heading.default\">\n\t\t\t\t<div class=\"elementor-widget-container\">\n\t\t\t<h3 class=\"elementor-heading-title elementor-size-large\"><a href=\"https:\/\/www.bbelsaececco.it\/fr\/lhistoire\/\">L\u2019histoire<\/a><\/h3>\t\t<\/div>\n\t\t\t\t<\/div>\n\t\t\t\t\t\t<\/div>\n\t\t\t\t\t<\/div>\n\t\t<\/div>\n\t\t\t\t<div class=\"elementor-column elementor-col-33 elementor-inner-column elementor-element elementor-element-70fa2e71\" data-id=\"70fa2e71\" data-element_type=\"column\" data-settings=\"{&quot;background_background&quot;:&quot;classic&quot;}\">\n\t\t\t<div class=\"elementor-column-wrap elementor-element-populated\">\n\t\t\t\t\t\t\t<div class=\"elementor-widget-wrap\">\n\t\t\t\t\t\t<div class=\"elementor-element elementor-element-2fc20f3 elementor-widget elementor-widget-heading\" data-id=\"2fc20f3\" data-element_type=\"widget\" data-widget_type=\"heading.default\">\n\t\t\t\t<div class=\"elementor-widget-container\">\n\t\t\t<h3 class=\"elementor-heading-title elementor-size-large\"><a href=\"https:\/\/www.bbelsaececco.it\/fr\/hospitalite\/\">Hospitalit\u00e9<\/a><\/h3>\t\t<\/div>\n\t\t\t\t<\/div>\n\t\t\t\t\t\t<\/div>\n\t\t\t\t\t<\/div>\n\t\t<\/div>\n\t\t\t\t<div class=\"elementor-column elementor-col-33 elementor-inner-column elementor-element elementor-element-84ba241\" data-id=\"84ba241\" data-element_type=\"column\" data-settings=\"{&quot;background_background&quot;:&quot;classic&quot;}\">\n\t\t\t<div class=\"elementor-column-wrap elementor-element-populated\">\n\t\t\t\t\t\t\t<div class=\"elementor-widget-wrap\">\n\t\t\t\t\t\t<div class=\"elementor-element elementor-element-b3d26da elementor-widget elementor-widget-heading\" data-id=\"b3d26da\" data-element_type=\"widget\" data-widget_type=\"heading.default\">\n\t\t\t\t<div class=\"elementor-widget-container\">\n\t\t\t<h3 class=\"elementor-heading-title elementor-size-large\"><a href=\"https:\/\/www.bbelsaececco.it\/fr\/services\/\">Services<\/a><\/h3>\t\t<\/div>\n\t\t\t\t<\/div>\n\t\t\t\t\t\t<\/div>\n\t\t\t\t\t<\/div>\n\t\t<\/div>\n\t\t\t\t\t\t\t\t<\/div>\n\t\t\t\t\t<\/div>\n\t\t<\/section>\n\t\t\t\t\t\t<\/div>\n\t\t\t\t\t<\/div>\n\t\t<\/div>\n\t\t\t\t\t\t\t\t<\/div>\n\t\t\t\t\t<\/div>\n\t\t<\/section>\n\t\t\t\t<section class=\"elementor-section elementor-top-section elementor-element elementor-element-6e6fdf47 elementor-section-content-middle elementor-section-boxed elementor-section-height-default elementor-section-height-default\" data-id=\"6e6fdf47\" data-element_type=\"section\" data-settings=\"{&quot;background_background&quot;:&quot;classic&quot;}\">\n\t\t\t\t\t\t<div class=\"elementor-container elementor-column-gap-no\">\n\t\t\t\t\t\t\t<div class=\"elementor-row\">\n\t\t\t\t\t<div class=\"elementor-column elementor-col-50 elementor-top-column elementor-element elementor-element-3514aaf5\" data-id=\"3514aaf5\" data-element_type=\"column\" data-settings=\"{&quot;background_background&quot;:&quot;classic&quot;}\">\n\t\t\t<div class=\"elementor-column-wrap elementor-element-populated\">\n\t\t\t\t\t\t\t<div class=\"elementor-widget-wrap\">\n\t\t\t\t\t\t<div class=\"elementor-element elementor-element-20875254 elementor-widget elementor-widget-heading\" data-id=\"20875254\" data-element_type=\"widget\" data-widget_type=\"heading.default\">\n\t\t\t\t<div class=\"elementor-widget-container\">\n\t\t\t<h2 class=\"elementor-heading-title elementor-size-default\">Nous contacter<\/h2>\t\t<\/div>\n\t\t\t\t<\/div>\n\t\t\t\t<div class=\"elementor-element elementor-element-a7128af elementor-align-center elementor-widget elementor-widget-button\" data-id=\"a7128af\" data-element_type=\"widget\" data-widget_type=\"button.default\">\n\t\t\t\t<div class=\"elementor-widget-container\">\n\t\t\t\t\t<div class=\"elementor-button-wrapper\">\n\t\t\t<a href=\"\/fr\/ecrivez-nous\/\" class=\"elementor-button-link elementor-button elementor-size-lg\" role=\"button\">\n\t\t\t\t\t\t<span class=\"elementor-button-content-wrapper\">\n\t\t\t\t\t\t\t<span class=\"elementor-button-icon elementor-align-icon-left\">\n\t\t\t\t<i aria-hidden=\"true\" class=\"far fa-envelope\"><\/i>\t\t\t<\/span>\n\t\t\t\t\t\t<span class=\"elementor-button-text\">Cliquez ici<\/span>\n\t\t<\/span>\n\t\t\t\t\t<\/a>\n\t\t<\/div>\n\t\t\t\t<\/div>\n\t\t\t\t<\/div>\n\t\t\t\t\t\t<\/div>\n\t\t\t\t\t<\/div>\n\t\t<\/div>\n\t\t\t\t<div class=\"elementor-column elementor-col-50 elementor-top-column elementor-element elementor-element-2dceb8b9\" data-id=\"2dceb8b9\" data-element_type=\"column\">\n\t\t\t<div class=\"elementor-column-wrap elementor-element-populated\">\n\t\t\t\t\t\t\t<div class=\"elementor-widget-wrap\">\n\t\t\t\t\t\t<div class=\"elementor-element elementor-element-4f7eca8e elementor-widget elementor-widget-image\" data-id=\"4f7eca8e\" data-element_type=\"widget\" data-widget_type=\"image.default\">\n\t\t\t\t<div class=\"elementor-widget-container\">\n\t\t\t\t\t\t\t\t<div class=\"elementor-image\">\n\t\t\t\t\t\t\t\t\t\t\t\t<img decoding=\"async\" loading=\"lazy\" width=\"562\" height=\"471\" src=\"https:\/\/www.bbelsaececco.it\/wp-content\/uploads\/2020\/01\/bb_home_contattaci.jpg\" class=\"attachment-full size-full\" alt=\"\" srcset=\"https:\/\/www.bbelsaececco.it\/wp-content\/uploads\/2020\/01\/bb_home_contattaci.jpg 562w, https:\/\/www.bbelsaececco.it\/wp-content\/uploads\/2020\/01\/bb_home_contattaci-300x251.jpg 300w\" sizes=\"(max-width: 562px) 100vw, 562px\" \/>\t\t\t\t\t\t\t\t\t\t\t\t\t\t<\/div>\n\t\t\t\t\t\t<\/div>\n\t\t\t\t<\/div>\n\t\t\t\t\t\t<\/div>\n\t\t\t\t\t<\/div>\n\t\t<\/div>\n\t\t\t\t\t\t\t\t<\/div>\n\t\t\t\t\t<\/div>\n\t\t<\/section>\n\t\t\t\t\t\t\t\t\t<\/div>\n\t\t\t<\/div>\n\t\t\t\t\t<\/div>\n\t\t","protected":false},"excerpt":{"rendered":"<p>C\u2019est pour nous une grande \u00e9motion lorsque celui qui visite notre maison, ne dit pas seulement qu\u2019elle est belle, mais qu\u2019il s\u2019y sent bien. Un s\u00e9jour dans une maison des ann\u00e9es 50 au c\u0153ur du quartier de Madonna delle Rose \u00e0 Cesena. La maison L\u2019histoire Hospitalit\u00e9 Services Nous contacter Cliquez ici<\/p>\n","protected":false},"author":1,"featured_media":0,"parent":0,"menu_order":0,"comment_status":"closed","ping_status":"closed","template":"","meta":{"site-sidebar-layout":"no-sidebar","site-content-layout":"page-builder","ast-site-content-layout":"","site-content-style":"default","site-sidebar-style":"default","ast-global-header-display":"","ast-banner-title-visibility":"","ast-main-header-display":"","ast-hfb-above-header-display":"","ast-hfb-below-header-display":"","ast-hfb-mobile-header-display":"","site-post-title":"disabled","ast-breadcrumbs-content":"","ast-featured-img":"disabled","footer-sml-layout":"","theme-transparent-header-meta":"default","adv-header-id-meta":"","stick-header-meta":"","header-above-stick-meta":"","header-main-stick-meta":"","header-below-stick-meta":"","astra-migrate-meta-layouts":"","ast-page-background-enabled":"default","ast-page-background-meta":{"desktop":{"background-color":"","background-image":"","background-repeat":"repeat","background-position":"center center","background-size":"auto","background-attachment":"scroll","background-type":"","background-media":"","overlay-type":"","overlay-color":"","overlay-gradient":""},"tablet":{"background-color":"","background-image":"","background-repeat":"repeat","background-position":"center center","background-size":"auto","background-attachment":"scroll","background-type":"","background-media":"","overlay-type":"","overlay-color":"","overlay-gradient":""},"mobile":{"background-color":"","background-image":"","background-repeat":"repeat","background-position":"center center","background-size":"auto","background-attachment":"scroll","background-type":"","background-media":"","overlay-type":"","overlay-color":"","overlay-gradient":""}},"ast-content-background-meta":{"desktop":{"background-color":"var(--ast-global-color-5)","background-image":"","background-repeat":"repeat","background-position":"center center","background-size":"auto","background-attachment":"scroll","background-type":"","background-media":"","overlay-type":"","overlay-color":"","overlay-gradient":""},"tablet":{"background-color":"var(--ast-global-color-5)","background-image":"","background-repeat":"repeat","background-position":"center center","background-size":"auto","background-attachment":"scroll","background-type":"","background-media":"","overlay-type":"","overlay-color":"","overlay-gradient":""},"mobile":{"background-color":"var(--ast-global-color-5)","background-image":"","background-repeat":"repeat","background-position":"center center","background-size":"auto","background-attachment":"scroll","background-type":"","background-media":"","overlay-type":"","overlay-color":"","overlay-gradient":""}},"footnotes":""},"yoast_head":"<!-- This site is optimized with the Yoast SEO plugin v18.5.1 - https:\/\/yoast.com\/wordpress\/plugins\/seo\/ -->\n<title>Home - B&amp;B Elsa e Cecco<\/title>\n<meta name=\"description\" content=\"Chambres d&#039;h\u00f4tes \u00e0 Cesena. Elsa e Cecco propose un s\u00e9jour dans une maison des ann\u00e9es 50 dans le quartier Madonna delle Rose pr\u00e8s du centre de Cesena.\" \/>\n<meta name=\"robots\" content=\"index, follow, max-snippet:-1, max-image-preview:large, max-video-preview:-1\" \/>\n<link rel=\"canonical\" href=\"https:\/\/www.bbelsaececco.it\/fr\/\" \/>\n<meta property=\"og:locale\" content=\"fr_FR\" \/>\n<meta property=\"og:type\" content=\"article\" \/>\n<meta property=\"og:title\" content=\"Home - B&amp;B Elsa e Cecco\" \/>\n<meta property=\"og:description\" content=\"Chambres d&#039;h\u00f4tes \u00e0 Cesena. Elsa e Cecco propose un s\u00e9jour dans une maison des ann\u00e9es 50 dans le quartier Madonna delle Rose pr\u00e8s du centre de Cesena.\" \/>\n<meta property=\"og:url\" content=\"https:\/\/www.bbelsaececco.it\/fr\/\" \/>\n<meta property=\"og:site_name\" content=\"B&amp;B Elsa e Cecco\" \/>\n<meta property=\"article:modified_time\" content=\"2020-03-18T16:43:54+00:00\" \/>\n<meta property=\"og:image\" content=\"https:\/\/www.bbelsaececco.it\/wp-content\/uploads\/2020\/01\/BB_elsaececco_banner_v3.jpg\" \/>\n<meta name=\"twitter:card\" content=\"summary_large_image\" \/>\n<script type=\"application\/ld+json\" class=\"yoast-schema-graph\">{\"@context\":\"https:\/\/schema.org\",\"@graph\":[{\"@type\":\"WebSite\",\"@id\":\"https:\/\/www.bbelsaececco.it\/#website\",\"url\":\"https:\/\/www.bbelsaececco.it\/\",\"name\":\"B&amp;B Elsa e Cecco\",\"description\":\"B&amp;B\",\"potentialAction\":[{\"@type\":\"SearchAction\",\"target\":{\"@type\":\"EntryPoint\",\"urlTemplate\":\"https:\/\/www.bbelsaececco.it\/?s={search_term_string}\"},\"query-input\":\"required name=search_term_string\"}],\"inLanguage\":\"fr-FR\"},{\"@type\":\"ImageObject\",\"@id\":\"https:\/\/www.bbelsaececco.it\/fr\/#primaryimage\",\"inLanguage\":\"fr-FR\",\"url\":\"https:\/\/www.bbelsaececco.it\/wp-content\/uploads\/2020\/01\/BB_elsaececco_banner_v3.jpg\",\"contentUrl\":\"https:\/\/www.bbelsaececco.it\/wp-content\/uploads\/2020\/01\/BB_elsaececco_banner_v3.jpg\",\"width\":2000,\"height\":625},{\"@type\":\"WebPage\",\"@id\":\"https:\/\/www.bbelsaececco.it\/fr\/#webpage\",\"url\":\"https:\/\/www.bbelsaececco.it\/fr\/\",\"name\":\"Home - B&amp;B Elsa e Cecco\",\"isPartOf\":{\"@id\":\"https:\/\/www.bbelsaececco.it\/#website\"},\"primaryImageOfPage\":{\"@id\":\"https:\/\/www.bbelsaececco.it\/fr\/#primaryimage\"},\"datePublished\":\"2019-10-14T10:15:26+00:00\",\"dateModified\":\"2020-03-18T16:43:54+00:00\",\"description\":\"Chambres d'h\u00f4tes \u00e0 Cesena. Elsa e Cecco propose un s\u00e9jour dans une maison des ann\u00e9es 50 dans le quartier Madonna delle Rose pr\u00e8s du centre de Cesena.\",\"breadcrumb\":{\"@id\":\"https:\/\/www.bbelsaececco.it\/fr\/#breadcrumb\"},\"inLanguage\":\"fr-FR\",\"potentialAction\":[{\"@type\":\"ReadAction\",\"target\":[\"https:\/\/www.bbelsaececco.it\/fr\/\"]}]},{\"@type\":\"BreadcrumbList\",\"@id\":\"https:\/\/www.bbelsaececco.it\/fr\/#breadcrumb\",\"itemListElement\":[{\"@type\":\"ListItem\",\"position\":1,\"name\":\"Home\",\"item\":\"https:\/\/www.bbelsaececco.it\/fr\/\"},{\"@type\":\"ListItem\",\"position\":2,\"name\":\"Home\"}]}]}<\/script>\n<!-- \/ Yoast SEO plugin. -->","yoast_head_json":{"title":"Home - B&amp;B Elsa e Cecco","description":"Chambres d'h\u00f4tes \u00e0 Cesena. Elsa e Cecco propose un s\u00e9jour dans une maison des ann\u00e9es 50 dans le quartier Madonna delle Rose pr\u00e8s du centre de Cesena.","robots":{"index":"index","follow":"follow","max-snippet":"max-snippet:-1","max-image-preview":"max-image-preview:large","max-video-preview":"max-video-preview:-1"},"canonical":"https:\/\/www.bbelsaececco.it\/fr\/","og_locale":"fr_FR","og_type":"article","og_title":"Home - B&amp;B Elsa e Cecco","og_description":"Chambres d'h\u00f4tes \u00e0 Cesena. Elsa e Cecco propose un s\u00e9jour dans une maison des ann\u00e9es 50 dans le quartier Madonna delle Rose pr\u00e8s du centre de Cesena.","og_url":"https:\/\/www.bbelsaececco.it\/fr\/","og_site_name":"B&amp;B Elsa e Cecco","article_modified_time":"2020-03-18T16:43:54+00:00","og_image":[{"url":"https:\/\/www.bbelsaececco.it\/wp-content\/uploads\/2020\/01\/BB_elsaececco_banner_v3.jpg"}],"twitter_card":"summary_large_image","schema":{"@context":"https:\/\/schema.org","@graph":[{"@type":"WebSite","@id":"https:\/\/www.bbelsaececco.it\/#website","url":"https:\/\/www.bbelsaececco.it\/","name":"B&amp;B Elsa e Cecco","description":"B&amp;B","potentialAction":[{"@type":"SearchAction","target":{"@type":"EntryPoint","urlTemplate":"https:\/\/www.bbelsaececco.it\/?s={search_term_string}"},"query-input":"required name=search_term_string"}],"inLanguage":"fr-FR"},{"@type":"ImageObject","@id":"https:\/\/www.bbelsaececco.it\/fr\/#primaryimage","inLanguage":"fr-FR","url":"https:\/\/www.bbelsaececco.it\/wp-content\/uploads\/2020\/01\/BB_elsaececco_banner_v3.jpg","contentUrl":"https:\/\/www.bbelsaececco.it\/wp-content\/uploads\/2020\/01\/BB_elsaececco_banner_v3.jpg","width":2000,"height":625},{"@type":"WebPage","@id":"https:\/\/www.bbelsaececco.it\/fr\/#webpage","url":"https:\/\/www.bbelsaececco.it\/fr\/","name":"Home - B&amp;B Elsa e Cecco","isPartOf":{"@id":"https:\/\/www.bbelsaececco.it\/#website"},"primaryImageOfPage":{"@id":"https:\/\/www.bbelsaececco.it\/fr\/#primaryimage"},"datePublished":"2019-10-14T10:15:26+00:00","dateModified":"2020-03-18T16:43:54+00:00","description":"Chambres d'h\u00f4tes \u00e0 Cesena. Elsa e Cecco propose un s\u00e9jour dans une maison des ann\u00e9es 50 dans le quartier Madonna delle Rose pr\u00e8s du centre de Cesena.","breadcrumb":{"@id":"https:\/\/www.bbelsaececco.it\/fr\/#breadcrumb"},"inLanguage":"fr-FR","potentialAction":[{"@type":"ReadAction","target":["https:\/\/www.bbelsaececco.it\/fr\/"]}]},{"@type":"BreadcrumbList","@id":"https:\/\/www.bbelsaececco.it\/fr\/#breadcrumb","itemListElement":[{"@type":"ListItem","position":1,"name":"Home","item":"https:\/\/www.bbelsaececco.it\/fr\/"},{"@type":"ListItem","position":2,"name":"Home"}]}]}},"_links":{"self":[{"href":"https:\/\/www.bbelsaececco.it\/fr\/wp-json\/wp\/v2\/pages\/837"}],"collection":[{"href":"https:\/\/www.bbelsaececco.it\/fr\/wp-json\/wp\/v2\/pages"}],"about":[{"href":"https:\/\/www.bbelsaececco.it\/fr\/wp-json\/wp\/v2\/types\/page"}],"author":[{"embeddable":true,"href":"https:\/\/www.bbelsaececco.it\/fr\/wp-json\/wp\/v2\/users\/1"}],"replies":[{"embeddable":true,"href":"https:\/\/www.bbelsaececco.it\/fr\/wp-json\/wp\/v2\/comments?post=837"}],"version-history":[{"count":20,"href":"https:\/\/www.bbelsaececco.it\/fr\/wp-json\/wp\/v2\/pages\/837\/revisions"}],"predecessor-version":[{"id":1096,"href":"https:\/\/www.bbelsaececco.it\/fr\/wp-json\/wp\/v2\/pages\/837\/revisions\/1096"}],"wp:attachment":[{"href":"https:\/\/www.bbelsaececco.it\/fr\/wp-json\/wp\/v2\/media?parent=837"}],"curies":[{"name":"wp","href":"https:\/\/api.w.org\/{rel}","templated":true}]}}